{"id":44738,"date":"2024-03-09T04:12:28","date_gmt":"2024-03-09T03:12:28","guid":{"rendered":"https:\/\/lidija-photo.com\/fotografije-arhitekture-portfolio\/tradicionalne-vile-kuce-fotografije-interijera\/"},"modified":"2024-03-14T01:41:34","modified_gmt":"2024-03-14T00:41:34","slug":"tradicionalne-vile-kuce-fotografije-interijera","status":"publish","type":"page","link":"https:\/\/lidija-photo.com\/hr\/portfolio\/tradicionalne-vile-kuce-fotografije-interijera\/","title":{"rendered":"Interijeri tradicionalnih vila i ku\u0107a"},"content":{"rendered":"<p><div class=\"fusion-fullwidth fullwidth-box fusion-builder-row-1 fusion-flex-container has-pattern-background has-mask-background nonhundred-percent-fullwidth non-hundred-percent-height-scrolling\" style=\"--awb-border-radius-top-left:0px;--awb-border-radius-top-right:0px;--awb-border-radius-bottom-right:0px;--awb-border-radius-bottom-left:0px;--awb-padding-bottom:0px;--awb-margin-bottom:0px;--awb-background-color:#242424;--awb-flex-wrap:wrap;\" ><div class=\"fusion-builder-row fusion-row fusion-flex-align-items-flex-start fusion-flex-content-wrap\" style=\"max-width:1497.6px;margin-left: calc(-4% \/ 2 );margin-right: calc(-4% \/ 2 );\"><div class=\"fusion-layout-column fusion_builder_column fusion-builder-column-0 fusion_builder_column_1_1 1_1 fusion-flex-column\" style=\"--awb-bg-size:cover;--awb-width-large:100%;--awb-margin-top-large:0px;--awb-spacing-right-large:1.92%;--awb-margin-bottom-large:0px;--awb-spacing-left-large:1.92%;--awb-width-medium:100%;--awb-order-medium:0;--awb-spacing-right-medium:1.92%;--awb-spacing-left-medium:1.92%;--awb-width-small:100%;--awb-order-small:0;--awb-spacing-right-small:1.92%;--awb-spacing-left-small:1.92%;\"><div class=\"fusion-column-wrapper fusion-column-has-shadow fusion-flex-justify-content-flex-start fusion-content-layout-column\"><div class=\"fusion-separator fusion-full-width-sep\" style=\"align-self: center;margin-left: auto;margin-right: auto;margin-top:60px;width:100%;\"><\/div><div class=\"fusion-title title fusion-title-1 fusion-sep-none fusion-title-center fusion-title-text fusion-title-size-one\" style=\"--awb-margin-bottom:10px;--awb-margin-top-small:0px;--awb-margin-right-small:0px;--awb-margin-bottom-small:20px;--awb-margin-left-small:0px;\"><h1 class=\"fusion-title-heading title-heading-center fusion-responsive-typography-calculated\" style=\"margin:0;--fontSize:45;line-height:1.6;\">Fotografije interijera tradicionalnih vila i ku\u0107a<\/h1><\/div><div class=\"fusion-separator\" style=\"align-self: center;margin-left: auto;margin-right: auto;margin-top:10px;margin-bottom:30px;width:100%;max-width:350px;\"><div class=\"fusion-separator-border sep-single sep-solid\" style=\"--awb-height:20px;--awb-amount:20px;--awb-sep-color:#d79d53;border-color:#d79d53;border-top-width:1px;\"><\/div><\/div><div class=\"fusion-text fusion-text-1\" style=\"--awb-content-alignment:center;\"><div class=\"flex flex-grow flex-col max-w-full\">\n<div class=\"min-h-&#091;20px&#093; text-message flex flex-col items-start gap-3 whitespace-pre-wrap break-words &#091;.text-message+&amp;&#093;:mt-5 overflow-x-auto\" data-message-author-role=\"assistant\" data-message-id=\"9e082227-f2b6-454d-9578-99c0a8206b0b\">\n<div class=\"markdown prose w-full break-words dark:prose-invert light\">\n<p>Fotografije interijera vila i ku\u0107a s tradicionalnom ili rustikalnom arhitekturom, koje prikazuju njihove prostore, detalje, udobnost i atmosferu.<\/p>\n<\/div>\n<\/div>\n<\/div>\n<\/div><div class=\"fusion-separator\" style=\"align-self: center;margin-left: auto;margin-right: auto;margin-top:50px;margin-bottom:0px;width:100%;max-width:1300px;\"><div class=\"fusion-separator-border sep-shadow\" style=\"--awb-height:20px;--awb-amount:20px;--awb-sep-color:#ffffff;background:radial-gradient(ellipse at 50% -50% , #ffffff 0px, rgba(255, 255, 255, 0) 80%) repeat scroll 0 0 rgba(0, 0, 0, 0);background:-webkit-radial-gradient(ellipse at 50% -50% , #ffffff 0px, rgba(255, 255, 255, 0) 80%) repeat scroll 0 0 rgba(0, 0, 0, 0);background:-moz-radial-gradient(ellipse at 50% -50% , #ffffff 0px, rgba(255, 255, 255, 0) 80%) repeat scroll 0 0 rgba(0, 0, 0, 0);background:-o-radial-gradient(ellipse at 50% -50% , #ffffff 0px, rgba(255, 255, 255, 0) 80%) repeat scroll 0 0 rgba(0, 0, 0, 0);\"><\/div><\/div><\/div><\/div><\/div><\/div><div class=\"fusion-fullwidth fullwidth-box fusion-builder-row-2 fusion-flex-container has-pattern-background has-mask-background nonhundred-percent-fullwidth non-hundred-percent-height-scrolling\" style=\"--awb-border-radius-top-left:0px;--awb-border-radius-top-right:0px;--awb-border-radius-bottom-right:0px;--awb-border-radius-bottom-left:0px;--awb-background-color:#070707;--awb-flex-wrap:wrap;\" ><div class=\"fusion-builder-row fusion-row fusion-flex-align-items-flex-start fusion-flex-content-wrap\" style=\"max-width:1497.6px;margin-left: calc(-4% \/ 2 );margin-right: calc(-4% \/ 2 );\"><div class=\"fusion-layout-column fusion_builder_column fusion-builder-column-1 fusion_builder_column_1_1 1_1 fusion-flex-column\" style=\"--awb-bg-size:cover;--awb-width-large:100%;--awb-margin-top-large:0px;--awb-spacing-right-large:1.92%;--awb-margin-bottom-large:20px;--awb-spacing-left-large:1.92%;--awb-width-medium:100%;--awb-order-medium:0;--awb-spacing-right-medium:1.92%;--awb-spacing-left-medium:1.92%;--awb-width-small:100%;--awb-order-small:0;--awb-spacing-right-small:1.92%;--awb-spacing-left-small:1.92%;\"><div class=\"fusion-column-wrapper fusion-column-has-shadow fusion-flex-justify-content-center fusion-content-layout-column\"><div class=\"fusion-separator fusion-full-width-sep\" style=\"align-self: center;margin-left: auto;margin-right: auto;margin-top:60px;width:100%;\"><\/div><div class=\"fusion-text fusion-text-2\">ngg_shortcode_0_placeholder\n<\/div><\/div><\/div><\/div><\/div><\/p>\n","protected":false},"excerpt":{"rendered":"","protected":false},"author":1,"featured_media":44658,"parent":12783,"menu_order":0,"comment_status":"closed","ping_status":"closed","template":"","meta":{"ngg_post_thumbnail":0,"footnotes":""},"class_list":["post-44738","page","type-page","status-publish","has-post-thumbnail","hentry"],"yoast_head":"<!-- This site is optimized with the Yoast SEO plugin v27.2 - https:\/\/yoast.com\/product\/yoast-seo-wordpress\/ -->\n<title>Interijeri tradicionalnih vila i ku\u0107a | Lidija Loli\u0107 Photography<\/title>\n<meta name=\"description\" content=\"Fotografije interijera vila i ku\u0107a s tradicionalnom ili rustikalnom arhitekturom, koje prikazuju njihove prostore, detalje, udobnost i atmosferu.\" \/>\n<meta name=\"robots\" content=\"index, follow, max-snippet:-1, max-image-preview:large, max-video-preview:-1\" \/>\n<link rel=\"canonical\" href=\"https:\/\/lidija-photo.com\/hr\/portfolio\/tradicionalne-vile-kuce-fotografije-interijera\/\" \/>\n<meta property=\"og:locale\" content=\"hr_HR\" \/>\n<meta property=\"og:type\" content=\"article\" \/>\n<meta property=\"og:title\" content=\"Interijeri tradicionalnih vila i ku\u0107a | Lidija Loli\u0107 Photography\" \/>\n<meta property=\"og:description\" content=\"Fotografije interijera vila i ku\u0107a s tradicionalnom ili rustikalnom arhitekturom, koje prikazuju njihove prostore, detalje, udobnost i atmosferu.\" \/>\n<meta property=\"og:url\" content=\"https:\/\/lidija-photo.com\/hr\/portfolio\/tradicionalne-vile-kuce-fotografije-interijera\/\" \/>\n<meta property=\"og:site_name\" content=\"Lidija Loli\u0107 Photography\" \/>\n<meta property=\"article:publisher\" content=\"https:\/\/www.facebook.com\/lolic.lidija\" \/>\n<meta property=\"article:modified_time\" content=\"2024-03-14T00:41:34+00:00\" \/>\n<meta property=\"og:image\" content=\"https:\/\/lidija-photo.com\/wp-content\/uploads\/2024\/03\/traditional-homes-villas-interior-photography-42.jpg\" \/>\n\t<meta property=\"og:image:width\" content=\"1920\" \/>\n\t<meta property=\"og:image:height\" content=\"1280\" \/>\n\t<meta property=\"og:image:type\" content=\"image\/jpeg\" \/>\n<meta name=\"twitter:card\" content=\"summary_large_image\" \/>\n<meta name=\"twitter:label1\" content=\"Procijenjeno vrijeme \u010ditanja\" \/>\n\t<meta name=\"twitter:data1\" content=\"9 minutes\" \/>\n<script type=\"application\/ld+json\" class=\"yoast-schema-graph\">{\"@context\":\"https:\/\/schema.org\",\"@graph\":[{\"@type\":\"WebPage\",\"@id\":\"https:\/\/lidija-photo.com\/hr\/portfolio\/tradicionalne-vile-kuce-fotografije-interijera\/\",\"url\":\"https:\/\/lidija-photo.com\/hr\/portfolio\/tradicionalne-vile-kuce-fotografije-interijera\/\",\"name\":\"Interijeri tradicionalnih vila i ku\u0107a | Lidija Loli\u0107 Photography\",\"isPartOf\":{\"@id\":\"https:\/\/lidija-photo.com\/hr\/#website\"},\"primaryImageOfPage\":{\"@id\":\"https:\/\/lidija-photo.com\/hr\/portfolio\/tradicionalne-vile-kuce-fotografije-interijera\/#primaryimage\"},\"image\":{\"@id\":\"https:\/\/lidija-photo.com\/hr\/portfolio\/tradicionalne-vile-kuce-fotografije-interijera\/#primaryimage\"},\"thumbnailUrl\":\"https:\/\/lidija-photo.com\/wp-content\/uploads\/2024\/03\/traditional-homes-villas-interior-photography-42.jpg\",\"datePublished\":\"2024-03-09T03:12:28+00:00\",\"dateModified\":\"2024-03-14T00:41:34+00:00\",\"description\":\"Fotografije interijera vila i ku\u0107a s tradicionalnom ili rustikalnom arhitekturom, koje prikazuju njihove prostore, detalje, udobnost i atmosferu.\",\"breadcrumb\":{\"@id\":\"https:\/\/lidija-photo.com\/hr\/portfolio\/tradicionalne-vile-kuce-fotografije-interijera\/#breadcrumb\"},\"inLanguage\":\"hr\",\"potentialAction\":[{\"@type\":\"ReadAction\",\"target\":[\"https:\/\/lidija-photo.com\/hr\/portfolio\/tradicionalne-vile-kuce-fotografije-interijera\/\"]}]},{\"@type\":\"ImageObject\",\"inLanguage\":\"hr\",\"@id\":\"https:\/\/lidija-photo.com\/hr\/portfolio\/tradicionalne-vile-kuce-fotografije-interijera\/#primaryimage\",\"url\":\"https:\/\/lidija-photo.com\/wp-content\/uploads\/2024\/03\/traditional-homes-villas-interior-photography-42.jpg\",\"contentUrl\":\"https:\/\/lidija-photo.com\/wp-content\/uploads\/2024\/03\/traditional-homes-villas-interior-photography-42.jpg\",\"width\":1920,\"height\":1280,\"caption\":\"A bright, stylish living room with wooden ceiling beams, comfortable sofas, and decorative elements, perfect for relaxing and entertaining.\"},{\"@type\":\"BreadcrumbList\",\"@id\":\"https:\/\/lidija-photo.com\/hr\/portfolio\/tradicionalne-vile-kuce-fotografije-interijera\/#breadcrumb\",\"itemListElement\":[{\"@type\":\"ListItem\",\"position\":1,\"name\":\"Home\",\"item\":\"https:\/\/lidija-photo.com\/hr\/\"},{\"@type\":\"ListItem\",\"position\":2,\"name\":\"Portfolio fotografija arhitekture, interijera i eksterijera\",\"item\":\"https:\/\/lidija-photo.com\/hr\/portfolio\/\"},{\"@type\":\"ListItem\",\"position\":3,\"name\":\"Interijeri tradicionalnih vila i ku\u0107a\"}]},{\"@type\":\"WebSite\",\"@id\":\"https:\/\/lidija-photo.com\/hr\/#website\",\"url\":\"https:\/\/lidija-photo.com\/hr\/\",\"name\":\"Lidija Loli\u0107 Photography\",\"description\":\"\",\"publisher\":{\"@id\":\"https:\/\/lidija-photo.com\/hr\/#\/schema\/person\/6c1b078b6fb2a3c266ad393ead6da313\"},\"alternateName\":\"Lidija Lolic Photography\",\"potentialAction\":[{\"@type\":\"SearchAction\",\"target\":{\"@type\":\"EntryPoint\",\"urlTemplate\":\"https:\/\/lidija-photo.com\/hr\/?s={search_term_string}\"},\"query-input\":{\"@type\":\"PropertyValueSpecification\",\"valueRequired\":true,\"valueName\":\"search_term_string\"}}],\"inLanguage\":\"hr\"},{\"@type\":[\"Person\",\"Organization\"],\"@id\":\"https:\/\/lidija-photo.com\/hr\/#\/schema\/person\/6c1b078b6fb2a3c266ad393ead6da313\",\"name\":\"Lidija\",\"image\":{\"@type\":\"ImageObject\",\"inLanguage\":\"hr\",\"@id\":\"https:\/\/lidija-photo.com\/wp-content\/uploads\/2018\/01\/lidija-lolic-logo-580px-en.png\",\"url\":\"https:\/\/lidija-photo.com\/wp-content\/uploads\/2018\/01\/lidija-lolic-logo-580px-en.png\",\"contentUrl\":\"https:\/\/lidija-photo.com\/wp-content\/uploads\/2018\/01\/lidija-lolic-logo-580px-en.png\",\"width\":580,\"height\":138,\"caption\":\"Lidija\"},\"logo\":{\"@id\":\"https:\/\/lidija-photo.com\/wp-content\/uploads\/2018\/01\/lidija-lolic-logo-580px-en.png\"},\"sameAs\":[\"http:\/\/lidija-photo.com\",\"https:\/\/www.facebook.com\/lolic.lidija\",\"https:\/\/www.instagram.com\/lidijalolic_photography\/\"]}]}<\/script>\n<!-- \/ Yoast SEO plugin. -->","yoast_head_json":{"title":"Interijeri tradicionalnih vila i ku\u0107a | Lidija Loli\u0107 Photography","description":"Fotografije interijera vila i ku\u0107a s tradicionalnom ili rustikalnom arhitekturom, koje prikazuju njihove prostore, detalje, udobnost i atmosferu.","robots":{"index":"index","follow":"follow","max-snippet":"max-snippet:-1","max-image-preview":"max-image-preview:large","max-video-preview":"max-video-preview:-1"},"canonical":"https:\/\/lidija-photo.com\/hr\/portfolio\/tradicionalne-vile-kuce-fotografije-interijera\/","og_locale":"hr_HR","og_type":"article","og_title":"Interijeri tradicionalnih vila i ku\u0107a | Lidija Loli\u0107 Photography","og_description":"Fotografije interijera vila i ku\u0107a s tradicionalnom ili rustikalnom arhitekturom, koje prikazuju njihove prostore, detalje, udobnost i atmosferu.","og_url":"https:\/\/lidija-photo.com\/hr\/portfolio\/tradicionalne-vile-kuce-fotografije-interijera\/","og_site_name":"Lidija Loli\u0107 Photography","article_publisher":"https:\/\/www.facebook.com\/lolic.lidija","article_modified_time":"2024-03-14T00:41:34+00:00","og_image":[{"width":1920,"height":1280,"url":"https:\/\/lidija-photo.com\/wp-content\/uploads\/2024\/03\/traditional-homes-villas-interior-photography-42.jpg","type":"image\/jpeg"}],"twitter_card":"summary_large_image","twitter_misc":{"Procijenjeno vrijeme \u010ditanja":"9 minutes"},"schema":{"@context":"https:\/\/schema.org","@graph":[{"@type":"WebPage","@id":"https:\/\/lidija-photo.com\/hr\/portfolio\/tradicionalne-vile-kuce-fotografije-interijera\/","url":"https:\/\/lidija-photo.com\/hr\/portfolio\/tradicionalne-vile-kuce-fotografije-interijera\/","name":"Interijeri tradicionalnih vila i ku\u0107a | Lidija Loli\u0107 Photography","isPartOf":{"@id":"https:\/\/lidija-photo.com\/hr\/#website"},"primaryImageOfPage":{"@id":"https:\/\/lidija-photo.com\/hr\/portfolio\/tradicionalne-vile-kuce-fotografije-interijera\/#primaryimage"},"image":{"@id":"https:\/\/lidija-photo.com\/hr\/portfolio\/tradicionalne-vile-kuce-fotografije-interijera\/#primaryimage"},"thumbnailUrl":"https:\/\/lidija-photo.com\/wp-content\/uploads\/2024\/03\/traditional-homes-villas-interior-photography-42.jpg","datePublished":"2024-03-09T03:12:28+00:00","dateModified":"2024-03-14T00:41:34+00:00","description":"Fotografije interijera vila i ku\u0107a s tradicionalnom ili rustikalnom arhitekturom, koje prikazuju njihove prostore, detalje, udobnost i atmosferu.","breadcrumb":{"@id":"https:\/\/lidija-photo.com\/hr\/portfolio\/tradicionalne-vile-kuce-fotografije-interijera\/#breadcrumb"},"inLanguage":"hr","potentialAction":[{"@type":"ReadAction","target":["https:\/\/lidija-photo.com\/hr\/portfolio\/tradicionalne-vile-kuce-fotografije-interijera\/"]}]},{"@type":"ImageObject","inLanguage":"hr","@id":"https:\/\/lidija-photo.com\/hr\/portfolio\/tradicionalne-vile-kuce-fotografije-interijera\/#primaryimage","url":"https:\/\/lidija-photo.com\/wp-content\/uploads\/2024\/03\/traditional-homes-villas-interior-photography-42.jpg","contentUrl":"https:\/\/lidija-photo.com\/wp-content\/uploads\/2024\/03\/traditional-homes-villas-interior-photography-42.jpg","width":1920,"height":1280,"caption":"A bright, stylish living room with wooden ceiling beams, comfortable sofas, and decorative elements, perfect for relaxing and entertaining."},{"@type":"BreadcrumbList","@id":"https:\/\/lidija-photo.com\/hr\/portfolio\/tradicionalne-vile-kuce-fotografije-interijera\/#breadcrumb","itemListElement":[{"@type":"ListItem","position":1,"name":"Home","item":"https:\/\/lidija-photo.com\/hr\/"},{"@type":"ListItem","position":2,"name":"Portfolio fotografija arhitekture, interijera i eksterijera","item":"https:\/\/lidija-photo.com\/hr\/portfolio\/"},{"@type":"ListItem","position":3,"name":"Interijeri tradicionalnih vila i ku\u0107a"}]},{"@type":"WebSite","@id":"https:\/\/lidija-photo.com\/hr\/#website","url":"https:\/\/lidija-photo.com\/hr\/","name":"Lidija Loli\u0107 Photography","description":"","publisher":{"@id":"https:\/\/lidija-photo.com\/hr\/#\/schema\/person\/6c1b078b6fb2a3c266ad393ead6da313"},"alternateName":"Lidija Lolic Photography","potentialAction":[{"@type":"SearchAction","target":{"@type":"EntryPoint","urlTemplate":"https:\/\/lidija-photo.com\/hr\/?s={search_term_string}"},"query-input":{"@type":"PropertyValueSpecification","valueRequired":true,"valueName":"search_term_string"}}],"inLanguage":"hr"},{"@type":["Person","Organization"],"@id":"https:\/\/lidija-photo.com\/hr\/#\/schema\/person\/6c1b078b6fb2a3c266ad393ead6da313","name":"Lidija","image":{"@type":"ImageObject","inLanguage":"hr","@id":"https:\/\/lidija-photo.com\/wp-content\/uploads\/2018\/01\/lidija-lolic-logo-580px-en.png","url":"https:\/\/lidija-photo.com\/wp-content\/uploads\/2018\/01\/lidija-lolic-logo-580px-en.png","contentUrl":"https:\/\/lidija-photo.com\/wp-content\/uploads\/2018\/01\/lidija-lolic-logo-580px-en.png","width":580,"height":138,"caption":"Lidija"},"logo":{"@id":"https:\/\/lidija-photo.com\/wp-content\/uploads\/2018\/01\/lidija-lolic-logo-580px-en.png"},"sameAs":["http:\/\/lidija-photo.com","https:\/\/www.facebook.com\/lolic.lidija","https:\/\/www.instagram.com\/lidijalolic_photography\/"]}]}},"_links":{"self":[{"href":"https:\/\/lidija-photo.com\/hr\/wp-json\/wp\/v2\/pages\/44738","targetHints":{"allow":["GET"]}}],"collection":[{"href":"https:\/\/lidija-photo.com\/hr\/wp-json\/wp\/v2\/pages"}],"about":[{"href":"https:\/\/lidija-photo.com\/hr\/wp-json\/wp\/v2\/types\/page"}],"author":[{"embeddable":true,"href":"https:\/\/lidija-photo.com\/hr\/wp-json\/wp\/v2\/users\/1"}],"replies":[{"embeddable":true,"href":"https:\/\/lidija-photo.com\/hr\/wp-json\/wp\/v2\/comments?post=44738"}],"version-history":[{"count":9,"href":"https:\/\/lidija-photo.com\/hr\/wp-json\/wp\/v2\/pages\/44738\/revisions"}],"predecessor-version":[{"id":44780,"href":"https:\/\/lidija-photo.com\/hr\/wp-json\/wp\/v2\/pages\/44738\/revisions\/44780"}],"up":[{"embeddable":true,"href":"https:\/\/lidija-photo.com\/hr\/wp-json\/wp\/v2\/pages\/12783"}],"wp:featuredmedia":[{"embeddable":true,"href":"https:\/\/lidija-photo.com\/hr\/wp-json\/wp\/v2\/media\/44658"}],"wp:attachment":[{"href":"https:\/\/lidija-photo.com\/hr\/wp-json\/wp\/v2\/media?parent=44738"}],"curies":[{"name":"wp","href":"https:\/\/api.w.org\/{rel}","templated":true}]}}