{"id":44732,"date":"2024-03-09T14:10:13","date_gmt":"2024-03-09T13:10:13","guid":{"rendered":"https:\/\/lidija-photo.com\/fotografije-arhitekture-portfolio\/spa-wellness-fotografije\/"},"modified":"2024-03-14T01:39:38","modified_gmt":"2024-03-14T00:39:38","slug":"spa-wellness-fotografije","status":"publish","type":"page","link":"https:\/\/lidija-photo.com\/hr\/portfolio\/spa-wellness-fotografije\/","title":{"rendered":"Spa i wellness"},"content":{"rendered":"<p><div class=\"fusion-fullwidth fullwidth-box fusion-builder-row-1 fusion-flex-container has-pattern-background has-mask-background nonhundred-percent-fullwidth non-hundred-percent-height-scrolling\" style=\"--awb-border-radius-top-left:0px;--awb-border-radius-top-right:0px;--awb-border-radius-bottom-right:0px;--awb-border-radius-bottom-left:0px;--awb-padding-bottom:0px;--awb-margin-bottom:0px;--awb-background-color:#242424;--awb-flex-wrap:wrap;\" ><div class=\"fusion-builder-row fusion-row fusion-flex-align-items-flex-start fusion-flex-content-wrap\" style=\"max-width:1497.6px;margin-left: calc(-4% \/ 2 );margin-right: calc(-4% \/ 2 );\"><div class=\"fusion-layout-column fusion_builder_column fusion-builder-column-0 fusion_builder_column_1_1 1_1 fusion-flex-column\" style=\"--awb-bg-size:cover;--awb-width-large:100%;--awb-margin-top-large:0px;--awb-spacing-right-large:1.92%;--awb-margin-bottom-large:0px;--awb-spacing-left-large:1.92%;--awb-width-medium:100%;--awb-order-medium:0;--awb-spacing-right-medium:1.92%;--awb-spacing-left-medium:1.92%;--awb-width-small:100%;--awb-order-small:0;--awb-spacing-right-small:1.92%;--awb-spacing-left-small:1.92%;\"><div class=\"fusion-column-wrapper fusion-column-has-shadow fusion-flex-justify-content-flex-start fusion-content-layout-column\"><div class=\"fusion-separator fusion-full-width-sep\" style=\"align-self: center;margin-left: auto;margin-right: auto;margin-top:60px;width:100%;\"><\/div><div class=\"fusion-title title fusion-title-1 fusion-sep-none fusion-title-center fusion-title-text fusion-title-size-one\" style=\"--awb-margin-bottom:10px;--awb-margin-top-small:0px;--awb-margin-right-small:0px;--awb-margin-bottom-small:20px;--awb-margin-left-small:0px;\"><h1 class=\"fusion-title-heading title-heading-center fusion-responsive-typography-calculated\" style=\"margin:0;--fontSize:45;line-height:1.6;\">Spa i wellness fotografije<\/h1><\/div><div class=\"fusion-separator\" style=\"align-self: center;margin-left: auto;margin-right: auto;margin-top:10px;margin-bottom:30px;width:100%;max-width:350px;\"><div class=\"fusion-separator-border sep-single sep-solid\" style=\"--awb-height:20px;--awb-amount:20px;--awb-sep-color:#d79d53;border-color:#d79d53;border-top-width:1px;\"><\/div><\/div><div class=\"fusion-text fusion-text-1\" style=\"--awb-content-alignment:center;\"><p>Fotografije spa i wellness sadr\u017eaja, njihovih interijera, sadr\u017eaja, detalja i atmosfere relaksiraju\u0107ih prostora.<\/p>\n<\/div><div class=\"fusion-separator\" style=\"align-self: center;margin-left: auto;margin-right: auto;margin-top:50px;margin-bottom:0px;width:100%;max-width:1300px;\"><div class=\"fusion-separator-border sep-shadow\" style=\"--awb-height:20px;--awb-amount:20px;--awb-sep-color:#ffffff;background:radial-gradient(ellipse at 50% -50% , #ffffff 0px, rgba(255, 255, 255, 0) 80%) repeat scroll 0 0 rgba(0, 0, 0, 0);background:-webkit-radial-gradient(ellipse at 50% -50% , #ffffff 0px, rgba(255, 255, 255, 0) 80%) repeat scroll 0 0 rgba(0, 0, 0, 0);background:-moz-radial-gradient(ellipse at 50% -50% , #ffffff 0px, rgba(255, 255, 255, 0) 80%) repeat scroll 0 0 rgba(0, 0, 0, 0);background:-o-radial-gradient(ellipse at 50% -50% , #ffffff 0px, rgba(255, 255, 255, 0) 80%) repeat scroll 0 0 rgba(0, 0, 0, 0);\"><\/div><\/div><\/div><\/div><\/div><\/div><div class=\"fusion-fullwidth fullwidth-box fusion-builder-row-2 fusion-flex-container has-pattern-background has-mask-background nonhundred-percent-fullwidth non-hundred-percent-height-scrolling\" style=\"--awb-border-radius-top-left:0px;--awb-border-radius-top-right:0px;--awb-border-radius-bottom-right:0px;--awb-border-radius-bottom-left:0px;--awb-background-color:#070707;--awb-flex-wrap:wrap;\" ><div class=\"fusion-builder-row fusion-row fusion-flex-align-items-flex-start fusion-flex-content-wrap\" style=\"max-width:1497.6px;margin-left: calc(-4% \/ 2 );margin-right: calc(-4% \/ 2 );\"><div class=\"fusion-layout-column fusion_builder_column fusion-builder-column-1 fusion_builder_column_1_1 1_1 fusion-flex-column\" style=\"--awb-bg-size:cover;--awb-width-large:100%;--awb-margin-top-large:0px;--awb-spacing-right-large:1.92%;--awb-margin-bottom-large:20px;--awb-spacing-left-large:1.92%;--awb-width-medium:100%;--awb-order-medium:0;--awb-spacing-right-medium:1.92%;--awb-spacing-left-medium:1.92%;--awb-width-small:100%;--awb-order-small:0;--awb-spacing-right-small:1.92%;--awb-spacing-left-small:1.92%;\"><div class=\"fusion-column-wrapper fusion-column-has-shadow fusion-flex-justify-content-center fusion-content-layout-column\"><div class=\"fusion-separator fusion-full-width-sep\" style=\"align-self: center;margin-left: auto;margin-right: auto;margin-top:60px;width:100%;\"><\/div><div class=\"fusion-text fusion-text-2\">ngg_shortcode_0_placeholder\n<\/div><\/div><\/div><\/div><\/div><\/p>\n","protected":false},"excerpt":{"rendered":"","protected":false},"author":1,"featured_media":44660,"parent":12783,"menu_order":0,"comment_status":"closed","ping_status":"closed","template":"","meta":{"ngg_post_thumbnail":0,"footnotes":""},"class_list":["post-44732","page","type-page","status-publish","has-post-thumbnail","hentry"],"yoast_head":"<!-- This site is optimized with the Yoast SEO plugin v27.4 - https:\/\/yoast.com\/product\/yoast-seo-wordpress\/ -->\n<title>Spa i wellness | Lidija Loli\u0107 Photography<\/title>\n<meta name=\"description\" content=\"Fotografije spa i wellness sadr\u017eaja, njihovih interijera, sadr\u017eaja, detalja i atmosfere relaksiraju\u0107ih prostora.\" \/>\n<meta name=\"robots\" content=\"index, follow, max-snippet:-1, max-image-preview:large, max-video-preview:-1\" \/>\n<link rel=\"canonical\" href=\"https:\/\/lidija-photo.com\/hr\/portfolio\/spa-wellness-fotografije\/\" \/>\n<meta property=\"og:locale\" content=\"hr_HR\" \/>\n<meta property=\"og:type\" content=\"article\" \/>\n<meta property=\"og:title\" content=\"Spa i wellness | Lidija Loli\u0107 Photography\" \/>\n<meta property=\"og:description\" content=\"Fotografije spa i wellness sadr\u017eaja, njihovih interijera, sadr\u017eaja, detalja i atmosfere relaksiraju\u0107ih prostora.\" \/>\n<meta property=\"og:url\" content=\"https:\/\/lidija-photo.com\/hr\/portfolio\/spa-wellness-fotografije\/\" \/>\n<meta property=\"og:site_name\" content=\"Lidija Loli\u0107 Photography\" \/>\n<meta property=\"article:publisher\" content=\"https:\/\/www.facebook.com\/lolic.lidija\" \/>\n<meta property=\"article:modified_time\" content=\"2024-03-14T00:39:38+00:00\" \/>\n<meta property=\"og:image\" content=\"https:\/\/lidija-photo.com\/wp-content\/uploads\/2024\/03\/wellness-spa-interior-hospitality-photographer-14.jpg\" \/>\n\t<meta property=\"og:image:width\" content=\"1920\" \/>\n\t<meta property=\"og:image:height\" content=\"1280\" \/>\n\t<meta property=\"og:image:type\" content=\"image\/jpeg\" \/>\n<meta name=\"twitter:card\" content=\"summary_large_image\" \/>\n<meta name=\"twitter:label1\" content=\"Procijenjeno vrijeme \u010ditanja\" \/>\n\t<meta name=\"twitter:data1\" content=\"9 minutes\" \/>\n<script type=\"application\/ld+json\" class=\"yoast-schema-graph\">{\"@context\":\"https:\\\/\\\/schema.org\",\"@graph\":[{\"@type\":\"WebPage\",\"@id\":\"https:\\\/\\\/lidija-photo.com\\\/hr\\\/portfolio\\\/spa-wellness-fotografije\\\/\",\"url\":\"https:\\\/\\\/lidija-photo.com\\\/hr\\\/portfolio\\\/spa-wellness-fotografije\\\/\",\"name\":\"Spa i wellness | Lidija Loli\u0107 Photography\",\"isPartOf\":{\"@id\":\"https:\\\/\\\/lidija-photo.com\\\/hr\\\/#website\"},\"primaryImageOfPage\":{\"@id\":\"https:\\\/\\\/lidija-photo.com\\\/hr\\\/portfolio\\\/spa-wellness-fotografije\\\/#primaryimage\"},\"image\":{\"@id\":\"https:\\\/\\\/lidija-photo.com\\\/hr\\\/portfolio\\\/spa-wellness-fotografije\\\/#primaryimage\"},\"thumbnailUrl\":\"https:\\\/\\\/lidija-photo.com\\\/wp-content\\\/uploads\\\/2024\\\/03\\\/wellness-spa-interior-hospitality-photographer-14.jpg\",\"datePublished\":\"2024-03-09T13:10:13+00:00\",\"dateModified\":\"2024-03-14T00:39:38+00:00\",\"description\":\"Fotografije spa i wellness sadr\u017eaja, njihovih interijera, sadr\u017eaja, detalja i atmosfere relaksiraju\u0107ih prostora.\",\"breadcrumb\":{\"@id\":\"https:\\\/\\\/lidija-photo.com\\\/hr\\\/portfolio\\\/spa-wellness-fotografije\\\/#breadcrumb\"},\"inLanguage\":\"hr\",\"potentialAction\":[{\"@type\":\"ReadAction\",\"target\":[\"https:\\\/\\\/lidija-photo.com\\\/hr\\\/portfolio\\\/spa-wellness-fotografije\\\/\"]}]},{\"@type\":\"ImageObject\",\"inLanguage\":\"hr\",\"@id\":\"https:\\\/\\\/lidija-photo.com\\\/hr\\\/portfolio\\\/spa-wellness-fotografije\\\/#primaryimage\",\"url\":\"https:\\\/\\\/lidija-photo.com\\\/wp-content\\\/uploads\\\/2024\\\/03\\\/wellness-spa-interior-hospitality-photographer-14.jpg\",\"contentUrl\":\"https:\\\/\\\/lidija-photo.com\\\/wp-content\\\/uploads\\\/2024\\\/03\\\/wellness-spa-interior-hospitality-photographer-14.jpg\",\"width\":1920,\"height\":1280,\"caption\":\"Elegant indoor spa featuring wooden decor, a hot tub, and a cozy, modern atmosphere.\"},{\"@type\":\"BreadcrumbList\",\"@id\":\"https:\\\/\\\/lidija-photo.com\\\/hr\\\/portfolio\\\/spa-wellness-fotografije\\\/#breadcrumb\",\"itemListElement\":[{\"@type\":\"ListItem\",\"position\":1,\"name\":\"Home\",\"item\":\"https:\\\/\\\/lidija-photo.com\\\/hr\\\/\"},{\"@type\":\"ListItem\",\"position\":2,\"name\":\"Portfolio fotografija arhitekture, interijera i eksterijera\",\"item\":\"https:\\\/\\\/lidija-photo.com\\\/hr\\\/portfolio\\\/\"},{\"@type\":\"ListItem\",\"position\":3,\"name\":\"Spa i wellness\"}]},{\"@type\":\"WebSite\",\"@id\":\"https:\\\/\\\/lidija-photo.com\\\/hr\\\/#website\",\"url\":\"https:\\\/\\\/lidija-photo.com\\\/hr\\\/\",\"name\":\"Lidija Loli\u0107 Photography\",\"description\":\"\",\"publisher\":{\"@id\":\"https:\\\/\\\/lidija-photo.com\\\/hr\\\/#\\\/schema\\\/person\\\/6c1b078b6fb2a3c266ad393ead6da313\"},\"alternateName\":\"Lidija Lolic Photography\",\"potentialAction\":[{\"@type\":\"SearchAction\",\"target\":{\"@type\":\"EntryPoint\",\"urlTemplate\":\"https:\\\/\\\/lidija-photo.com\\\/hr\\\/?s={search_term_string}\"},\"query-input\":{\"@type\":\"PropertyValueSpecification\",\"valueRequired\":true,\"valueName\":\"search_term_string\"}}],\"inLanguage\":\"hr\"},{\"@type\":[\"Person\",\"Organization\"],\"@id\":\"https:\\\/\\\/lidija-photo.com\\\/hr\\\/#\\\/schema\\\/person\\\/6c1b078b6fb2a3c266ad393ead6da313\",\"name\":\"Lidija\",\"image\":{\"@type\":\"ImageObject\",\"inLanguage\":\"hr\",\"@id\":\"https:\\\/\\\/lidija-photo.com\\\/wp-content\\\/uploads\\\/2018\\\/01\\\/lidija-lolic-logo-580px-en.png\",\"url\":\"https:\\\/\\\/lidija-photo.com\\\/wp-content\\\/uploads\\\/2018\\\/01\\\/lidija-lolic-logo-580px-en.png\",\"contentUrl\":\"https:\\\/\\\/lidija-photo.com\\\/wp-content\\\/uploads\\\/2018\\\/01\\\/lidija-lolic-logo-580px-en.png\",\"width\":580,\"height\":138,\"caption\":\"Lidija\"},\"logo\":{\"@id\":\"https:\\\/\\\/lidija-photo.com\\\/wp-content\\\/uploads\\\/2018\\\/01\\\/lidija-lolic-logo-580px-en.png\"},\"sameAs\":[\"http:\\\/\\\/lidija-photo.com\",\"https:\\\/\\\/www.facebook.com\\\/lolic.lidija\",\"https:\\\/\\\/www.instagram.com\\\/lidijalolic_photography\\\/\"]}]}<\/script>\n<!-- \/ Yoast SEO plugin. -->","yoast_head_json":{"title":"Spa i wellness | Lidija Loli\u0107 Photography","description":"Fotografije spa i wellness sadr\u017eaja, njihovih interijera, sadr\u017eaja, detalja i atmosfere relaksiraju\u0107ih prostora.","robots":{"index":"index","follow":"follow","max-snippet":"max-snippet:-1","max-image-preview":"max-image-preview:large","max-video-preview":"max-video-preview:-1"},"canonical":"https:\/\/lidija-photo.com\/hr\/portfolio\/spa-wellness-fotografije\/","og_locale":"hr_HR","og_type":"article","og_title":"Spa i wellness | Lidija Loli\u0107 Photography","og_description":"Fotografije spa i wellness sadr\u017eaja, njihovih interijera, sadr\u017eaja, detalja i atmosfere relaksiraju\u0107ih prostora.","og_url":"https:\/\/lidija-photo.com\/hr\/portfolio\/spa-wellness-fotografije\/","og_site_name":"Lidija Loli\u0107 Photography","article_publisher":"https:\/\/www.facebook.com\/lolic.lidija","article_modified_time":"2024-03-14T00:39:38+00:00","og_image":[{"width":1920,"height":1280,"url":"https:\/\/lidija-photo.com\/wp-content\/uploads\/2024\/03\/wellness-spa-interior-hospitality-photographer-14.jpg","type":"image\/jpeg"}],"twitter_card":"summary_large_image","twitter_misc":{"Procijenjeno vrijeme \u010ditanja":"9 minutes"},"schema":{"@context":"https:\/\/schema.org","@graph":[{"@type":"WebPage","@id":"https:\/\/lidija-photo.com\/hr\/portfolio\/spa-wellness-fotografije\/","url":"https:\/\/lidija-photo.com\/hr\/portfolio\/spa-wellness-fotografije\/","name":"Spa i wellness | Lidija Loli\u0107 Photography","isPartOf":{"@id":"https:\/\/lidija-photo.com\/hr\/#website"},"primaryImageOfPage":{"@id":"https:\/\/lidija-photo.com\/hr\/portfolio\/spa-wellness-fotografije\/#primaryimage"},"image":{"@id":"https:\/\/lidija-photo.com\/hr\/portfolio\/spa-wellness-fotografije\/#primaryimage"},"thumbnailUrl":"https:\/\/lidija-photo.com\/wp-content\/uploads\/2024\/03\/wellness-spa-interior-hospitality-photographer-14.jpg","datePublished":"2024-03-09T13:10:13+00:00","dateModified":"2024-03-14T00:39:38+00:00","description":"Fotografije spa i wellness sadr\u017eaja, njihovih interijera, sadr\u017eaja, detalja i atmosfere relaksiraju\u0107ih prostora.","breadcrumb":{"@id":"https:\/\/lidija-photo.com\/hr\/portfolio\/spa-wellness-fotografije\/#breadcrumb"},"inLanguage":"hr","potentialAction":[{"@type":"ReadAction","target":["https:\/\/lidija-photo.com\/hr\/portfolio\/spa-wellness-fotografije\/"]}]},{"@type":"ImageObject","inLanguage":"hr","@id":"https:\/\/lidija-photo.com\/hr\/portfolio\/spa-wellness-fotografije\/#primaryimage","url":"https:\/\/lidija-photo.com\/wp-content\/uploads\/2024\/03\/wellness-spa-interior-hospitality-photographer-14.jpg","contentUrl":"https:\/\/lidija-photo.com\/wp-content\/uploads\/2024\/03\/wellness-spa-interior-hospitality-photographer-14.jpg","width":1920,"height":1280,"caption":"Elegant indoor spa featuring wooden decor, a hot tub, and a cozy, modern atmosphere."},{"@type":"BreadcrumbList","@id":"https:\/\/lidija-photo.com\/hr\/portfolio\/spa-wellness-fotografije\/#breadcrumb","itemListElement":[{"@type":"ListItem","position":1,"name":"Home","item":"https:\/\/lidija-photo.com\/hr\/"},{"@type":"ListItem","position":2,"name":"Portfolio fotografija arhitekture, interijera i eksterijera","item":"https:\/\/lidija-photo.com\/hr\/portfolio\/"},{"@type":"ListItem","position":3,"name":"Spa i wellness"}]},{"@type":"WebSite","@id":"https:\/\/lidija-photo.com\/hr\/#website","url":"https:\/\/lidija-photo.com\/hr\/","name":"Lidija Loli\u0107 Photography","description":"","publisher":{"@id":"https:\/\/lidija-photo.com\/hr\/#\/schema\/person\/6c1b078b6fb2a3c266ad393ead6da313"},"alternateName":"Lidija Lolic Photography","potentialAction":[{"@type":"SearchAction","target":{"@type":"EntryPoint","urlTemplate":"https:\/\/lidija-photo.com\/hr\/?s={search_term_string}"},"query-input":{"@type":"PropertyValueSpecification","valueRequired":true,"valueName":"search_term_string"}}],"inLanguage":"hr"},{"@type":["Person","Organization"],"@id":"https:\/\/lidija-photo.com\/hr\/#\/schema\/person\/6c1b078b6fb2a3c266ad393ead6da313","name":"Lidija","image":{"@type":"ImageObject","inLanguage":"hr","@id":"https:\/\/lidija-photo.com\/wp-content\/uploads\/2018\/01\/lidija-lolic-logo-580px-en.png","url":"https:\/\/lidija-photo.com\/wp-content\/uploads\/2018\/01\/lidija-lolic-logo-580px-en.png","contentUrl":"https:\/\/lidija-photo.com\/wp-content\/uploads\/2018\/01\/lidija-lolic-logo-580px-en.png","width":580,"height":138,"caption":"Lidija"},"logo":{"@id":"https:\/\/lidija-photo.com\/wp-content\/uploads\/2018\/01\/lidija-lolic-logo-580px-en.png"},"sameAs":["http:\/\/lidija-photo.com","https:\/\/www.facebook.com\/lolic.lidija","https:\/\/www.instagram.com\/lidijalolic_photography\/"]}]}},"_links":{"self":[{"href":"https:\/\/lidija-photo.com\/hr\/wp-json\/wp\/v2\/pages\/44732","targetHints":{"allow":["GET"]}}],"collection":[{"href":"https:\/\/lidija-photo.com\/hr\/wp-json\/wp\/v2\/pages"}],"about":[{"href":"https:\/\/lidija-photo.com\/hr\/wp-json\/wp\/v2\/types\/page"}],"author":[{"embeddable":true,"href":"https:\/\/lidija-photo.com\/hr\/wp-json\/wp\/v2\/users\/1"}],"replies":[{"embeddable":true,"href":"https:\/\/lidija-photo.com\/hr\/wp-json\/wp\/v2\/comments?post=44732"}],"version-history":[{"count":6,"href":"https:\/\/lidija-photo.com\/hr\/wp-json\/wp\/v2\/pages\/44732\/revisions"}],"predecessor-version":[{"id":44776,"href":"https:\/\/lidija-photo.com\/hr\/wp-json\/wp\/v2\/pages\/44732\/revisions\/44776"}],"up":[{"embeddable":true,"href":"https:\/\/lidija-photo.com\/hr\/wp-json\/wp\/v2\/pages\/12783"}],"wp:featuredmedia":[{"embeddable":true,"href":"https:\/\/lidija-photo.com\/hr\/wp-json\/wp\/v2\/media\/44660"}],"wp:attachment":[{"href":"https:\/\/lidija-photo.com\/hr\/wp-json\/wp\/v2\/media?parent=44732"}],"curies":[{"name":"wp","href":"https:\/\/api.w.org\/{rel}","templated":true}]}}